{"id":11,"date":"2021-07-22T14:19:11","date_gmt":"2021-07-22T14:19:11","guid":{"rendered":"https:\/\/cool-spence.82-165-59-178.plesk.page\/?page_id=11"},"modified":"2021-08-03T13:40:30","modified_gmt":"2021-08-03T13:40:30","slug":"home","status":"publish","type":"page","link":"https:\/\/cool-spence.82-165-59-178.plesk.page\/","title":{"rendered":"Home"},"content":{"rendered":"\n<div class=\"wp-block-cover alignfull has-background-dim-80 has-nv-site-bg-background-color has-background-dim\" style=\"min-height:700px;aspect-ratio:unset;\"><img loading=\"lazy\" decoding=\"async\" width=\"1920\" height=\"1280\" class=\"wp-block-cover__image-background wp-image-100\" alt=\"\" src=\"https:\/\/cool-spence.82-165-59-178.plesk.page\/wp-content\/uploads\/2021\/08\/autmmaf.jpg\" style=\"object-position:79% 47%\" data-object-fit=\"cover\" data-object-position=\"79% 47%\" srcset=\"https:\/\/cool-spence.82-165-59-178.plesk.page\/wp-content\/uploads\/2021\/08\/autmmaf.jpg 1920w, https:\/\/cool-spence.82-165-59-178.plesk.page\/wp-content\/uploads\/2021\/08\/autmmaf-300x200.jpg 300w, https:\/\/cool-spence.82-165-59-178.plesk.page\/wp-content\/uploads\/2021\/08\/autmmaf-1024x683.jpg 1024w, https:\/\/cool-spence.82-165-59-178.plesk.page\/wp-content\/uploads\/2021\/08\/autmmaf-768x512.jpg 768w, https:\/\/cool-spence.82-165-59-178.plesk.page\/wp-content\/uploads\/2021\/08\/autmmaf-1536x1024.jpg 1536w, https:\/\/cool-spence.82-165-59-178.plesk.page\/wp-content\/uploads\/2021\/08\/autmmaf-930x620.jpg 930w\" sizes=\"auto, (max-width: 1920px) 100vw, 1920px\" \/><div class=\"wp-block-cover__inner-container is-layout-flow wp-block-cover-is-layout-flow\">\n<div style=\"height:80px\" aria-hidden=\"true\" class=\"wp-block-spacer\"><\/div>\n\n\n\n<h1 class=\"has-text-align-center has-nv-text-dark-bg-color has-text-color wp-block-heading\">AMATEUR MMA<\/h1>\n\n\n\n<p class=\"has-text-align-center has-text-color\" style=\"color:#121212;font-size:17px\"><\/p>\n\n\n\n<p>Besonders im Amateurbereich erf\u00e4hrt die moderne Kampfsportart Mixed Martial Arts (MMA) einen steten Zuwachs, zumal MMA Elemente verschiedenster Kampfsportarten, wie beispielsweise Brazilian Jiu-Jitsu, Kickboxen, Taekwondo, Muay Thai, Karate, Grappling, Ringen oder Judo in sich vereint. Diese Vielseitigkeit bietet den Sportlern die M\u00f6glichkeit, sich Techniken anzueignen und zu trainieren und gleichzeitig die Fitness durch das ganzheitliche Training f\u00fcr K\u00f6rper und Geist zu steigern. Diese Kombination macht MMA zu einer der anspruchsvollsten Sportarten.<\/p>\n\n\n\n<p>Ziel des MMA ist das Erlernen und die Umsetzung pr\u00e4ziser Techniken, sowie die Steigerung der Koordination, Kraft, Schnelligkeit und Reaktionsst\u00e4rke. Der Facettenreichtum dieser Sportart zeigt sich aber auch dadurch, dass nicht nur auf die k\u00f6rperliche Fitness, sondern ebenso auf die St\u00e4rkung der mentalen Fertigkeit der Sportler, durch Sch\u00e4rfung der Konzentration und Einsatz einer situationsangepassten Taktik durch Antizipieren Wert gelegt wird. Das Beherrschen des eigenen K\u00f6rpers, sportliche Fairness und Teamgeist stellen weitere pr\u00e4gende Aspekte dieser Sportart dar. Diese Komplexit\u00e4t macht MMA zu einer fordernden und hochtechnischen Sportart, welche von den Sportlern volles Engagement fordert.<\/p>\n\n\n\n<p>Da sich die Trainingseinheiten sowohl auf technische Einzelaspekte konzentrieren, aber auch die Kombination dieser einzelnen Techniken Teil des Trainings sind, ist MMA f\u00fcr Sportler ohne Kampfsporterfahrung gleicherma\u00dfen interessant, wie f\u00fcr fortgeschrittene Sportler in diesem Segment.<\/p>\n\n\n\n<p>Die im Jahr 2012 gegr\u00fcndete AUTMMAF, welche seit 2013 Mitglied der International MMA Federation (IMMAF) ist, ist bestrebt, MMA in \u00d6sterreich als Breitensport zu etablieren und damit diese Sportart neben seiner Qualifikation als wettkampforientierte Kampfsportart der Allgemeinheit zug\u00e4nglich zu machen. Dabei bietet es sich an, dass diese Sportart von M\u00e4nnern und Frauen aller Altersklassen, beginnend bereits im jungen Alter, ausge\u00fcbt werden kann. Es stellt ein ideales All-Inklusive-Body-Workout f\u00fcr jeden interessierten Freizeitathleten dar, welcher abseits von den bekannten Fitnessprogrammen ein Interesse am Kampfsport zeigt.<\/p>\n\n\n\n<p>Um MMA einem breiten Publikum zug\u00e4nglich zu machen, hat es sich die AUTMMAF zur Aufgabe gemacht, sich f\u00fcr die staatliche Anerkennung der Sportart in \u00d6sterreich einzusetzen. Da MMA bislang ohne Graduierungssystem gelehrt wird, soll zudem ein Graduierungssystem entwickelt werden, sodass die Sportler ihr K\u00f6nnen durch Ablegen von Pr\u00fcfungen unter Beweis stellen k\u00f6nnen. Aber auch eine intensive Jugendarbeit, sowie die Ausbildung von Trainern stehen im Fokus der AUTMMAF.<\/p>\n\n\n\n<p>Aktuell verf\u00fcgt die AUTMMAF \u00fcber Verb\u00e4nde in allen Bundesl\u00e4ndern und z\u00e4hlt rund 40&nbsp;Mitgliedsvereine, welche die M\u00f6glichkeit bieten MMA zu erlernen und zu trainieren. Zu diesem Zweck bieten die der AUTMMAF zugeh\u00f6rigen Vereine qualitativ hochwertige Trainingsprogramme f\u00fcr Sportler jeden Alters und jeder Leistungsstufe an.<\/p>\n\n\n\n<div class=\"wp-block-buttons is-content-justification-center is-layout-flex wp-block-buttons-is-layout-flex\"><\/div>\n\n\n\n<div style=\"height:80px\" aria-hidden=\"true\" class=\"wp-block-spacer\"><\/div>\n\n\n\n<div style=\"height:80px\" aria-hidden=\"true\" class=\"wp-block-spacer\"><\/div>\n\n\n\n<p><\/p>\n<\/div><\/div>\n\n\n\n<div style=\"height:40px\" aria-hidden=\"true\" class=\"wp-block-spacer\"><\/div>\n","protected":false},"excerpt":{"rendered":"","protected":false},"author":1,"featured_media":0,"parent":0,"menu_order":0,"comment_status":"closed","ping_status":"closed","template":"map-template.php","meta":{"neve_meta_sidebar":"","neve_meta_container":"","neve_meta_enable_content_width":"on","neve_meta_content_width":100,"neve_meta_title_alignment":"","neve_meta_author_avatar":"","neve_post_elements_order":"","neve_meta_disable_header":"","neve_meta_disable_footer":"","neve_meta_disable_title":"on","neve_meta_reading_time":"","footnotes":""},"class_list":["post-11","page","type-page","status-publish","hentry"],"_links":{"self":[{"href":"https:\/\/cool-spence.82-165-59-178.plesk.page\/index.php\/wp-json\/wp\/v2\/pages\/11","targetHints":{"allow":["GET"]}}],"collection":[{"href":"https:\/\/cool-spence.82-165-59-178.plesk.page\/index.php\/wp-json\/wp\/v2\/pages"}],"about":[{"href":"https:\/\/cool-spence.82-165-59-178.plesk.page\/index.php\/wp-json\/wp\/v2\/types\/page"}],"author":[{"embeddable":true,"href":"https:\/\/cool-spence.82-165-59-178.plesk.page\/index.php\/wp-json\/wp\/v2\/users\/1"}],"replies":[{"embeddable":true,"href":"https:\/\/cool-spence.82-165-59-178.plesk.page\/index.php\/wp-json\/wp\/v2\/comments?post=11"}],"version-history":[{"count":4,"href":"https:\/\/cool-spence.82-165-59-178.plesk.page\/index.php\/wp-json\/wp\/v2\/pages\/11\/revisions"}],"predecessor-version":[{"id":102,"href":"https:\/\/cool-spence.82-165-59-178.plesk.page\/index.php\/wp-json\/wp\/v2\/pages\/11\/revisions\/102"}],"wp:attachment":[{"href":"https:\/\/cool-spence.82-165-59-178.plesk.page\/index.php\/wp-json\/wp\/v2\/media?parent=11"}],"curies":[{"name":"wp","href":"https:\/\/api.w.org\/{rel}","templated":true}]}}